{"id":2,"date":"2018-04-11T22:00:17","date_gmt":"2018-04-11T22:00:17","guid":{"rendered":"https:\/\/czaryali.pl\/?page_id=2"},"modified":"2019-02-06T21:11:19","modified_gmt":"2019-02-06T21:11:19","slug":"about","status":"publish","type":"page","link":"https:\/\/czaryali.pl\/","title":{"rendered":"Czary Ali"},"content":{"rendered":"<p>Witam na mojej stronie.<\/p>\n<p>Mo\u017cesz znale\u017a\u0107 tutaj kilka przyk\u0142ad\u00f3w mebli, kt\u00f3re uda\u0142o mi si\u0119 odnowi\u0107.<\/p>\n","protected":false},"excerpt":{"rendered":"<p>Witam na mojej stronie. Mo\u017cesz znale\u017a\u0107 tutaj kilka przyk\u0142ad\u00f3w mebli, kt\u00f3re uda\u0142o mi si\u0119 odnowi\u0107.<\/p>\n","protected":false},"author":1,"featured_media":0,"parent":0,"menu_order":0,"comment_status":"closed","ping_status":"open","template":"","meta":{"footnotes":""},"class_list":["post-2","page","type-page","status-publish","hentry"],"_links":{"self":[{"href":"https:\/\/czaryali.pl\/index.php?rest_route=\/wp\/v2\/pages\/2","targetHints":{"allow":["GET"]}}],"collection":[{"href":"https:\/\/czaryali.pl\/index.php?rest_route=\/wp\/v2\/pages"}],"about":[{"href":"https:\/\/czaryali.pl\/index.php?rest_route=\/wp\/v2\/types\/page"}],"author":[{"embeddable":true,"href":"https:\/\/czaryali.pl\/index.php?rest_route=\/wp\/v2\/users\/1"}],"replies":[{"embeddable":true,"href":"https:\/\/czaryali.pl\/index.php?rest_route=%2Fwp%2Fv2%2Fcomments&post=2"}],"version-history":[{"count":3,"href":"https:\/\/czaryali.pl\/index.php?rest_route=\/wp\/v2\/pages\/2\/revisions"}],"predecessor-version":[{"id":363,"href":"https:\/\/czaryali.pl\/index.php?rest_route=\/wp\/v2\/pages\/2\/revisions\/363"}],"wp:attachment":[{"href":"https:\/\/czaryali.pl\/index.php?rest_route=%2Fwp%2Fv2%2Fmedia&parent=2"}],"curies":[{"name":"wp","href":"https:\/\/api.w.org\/{rel}","templated":true}]}}